{"id":6140,"date":"2017-11-10T19:45:05","date_gmt":"2017-11-10T18:45:05","guid":{"rendered":"https:\/\/www.martinshof-eppan.it\/?page_id=6140\/"},"modified":"2020-11-11T09:40:03","modified_gmt":"2020-11-11T08:40:03","slug":"bauernhof","status":"publish","type":"page","link":"https:\/\/www.martinshof-eppan.it\/de\/bauernhof\/","title":{"rendered":"Bauernhof"},"content":{"rendered":"<section class=\"l-section wpb_row height_medium\"><div class=\"l-section-h i-cf\"><div class=\"g-cols vc_row via_flex valign_top type_default stacking_default\"><div class=\"vc_col-sm-12 wpb_column vc_column_container\"><div class=\"vc_column-inner\"><div class=\"wpb_wrapper\"><div class=\"wpb_text_column\"><div class=\"wpb_wrapper\"><p>Genie\u00dfen Sie den Urlaub auf dem Bauernhof mit der ganzen Familie im S\u00fcden S\u00fcdtirols bei Eppan inmitten von Obstb\u00e4umen umgeben, abseits von der Stra\u00dfe. Unsere kleinen G\u00e4ste k\u00f6nnen gerne schaukeln, w\u00e4hrend die Eltern im Liegestuhl relaxen.<\/p>\n<p>Am Hof wachsen verschiedenste Obst- und Gem\u00fcsesorten sowie verschiedene Blumen. \u00c4pfel, Trauben, Kirschen, Pfirsiche und Gem\u00fcse k\u00f6nnen gerne nach Vereinbarung verkostet werden.<\/p>\n<p>&#8211; gro\u00dfer Parkplatz<br \/>\n&#8211; gro\u00dfe Liegewiese mit Liegest\u00fchlen<br \/>\n&#8211; Fahrradabstellplatz<br \/>\n&#8211; Schaukel<br \/>\n&#8211; Boccia Kugeln<br \/>\n&#8211; Tischfu\u00dfball f\u00fcr Kinder<\/p>\n<\/div><\/div><\/div><\/div><\/div><\/div><\/div><\/section>\n","protected":false},"excerpt":{"rendered":"Genie\u00dfen Sie den Urlaub auf dem Bauernhof mit der ganzen Familie im S\u00fcden S\u00fcdtirols bei Eppan inmitten von Obstb\u00e4umen umgeben, abseits von der Stra\u00dfe. Unsere kleinen G\u00e4ste k\u00f6nnen gerne schaukeln, w\u00e4hrend die Eltern im Liegestuhl relaxen. Am Hof wachsen verschiedenste Obst- und Gem\u00fcsesorten sowie verschiedene Blumen. \u00c4pfel, Trauben, Kirschen, Pfirsiche und Gem\u00fcse k\u00f6nnen gerne nach...","protected":false},"author":1,"featured_media":0,"parent":0,"menu_order":0,"comment_status":"closed","ping_status":"closed","template":"","meta":{"footnotes":""},"class_list":["post-6140","page","type-page","status-publish","hentry"],"yoast_head":"<!-- This site is optimized with the Yoast SEO plugin v26.3 - https:\/\/yoast.com\/wordpress\/plugins\/seo\/ -->\n<title>Urlaub am Obst und Weinbauernhof in Eppan - Martinshof<\/title>\n<meta name=\"description\" content=\"Verbringen Sie ihren Urlaub mit der Familie auf unseren Obst und Weinbauernhof. Wir haben drei gem\u00fctliche Ferienwohnungen.\" \/>\n<meta name=\"robots\" content=\"index, follow, max-snippet:-1, max-image-preview:large, max-video-preview:-1\" \/>\n<link rel=\"canonical\" href=\"https:\/\/www.martinshof-eppan.it\/de\/bauernhof\/\" \/>\n<meta property=\"og:locale\" content=\"de_DE\" \/>\n<meta property=\"og:type\" content=\"article\" \/>\n<meta property=\"og:title\" content=\"Urlaub am Obst und Weinbauernhof in Eppan - Martinshof\" \/>\n<meta property=\"og:description\" content=\"Verbringen Sie ihren Urlaub mit der Familie auf unseren Obst und Weinbauernhof. Wir haben drei gem\u00fctliche Ferienwohnungen.\" \/>\n<meta property=\"og:url\" content=\"https:\/\/www.martinshof-eppan.it\/de\/bauernhof\/\" \/>\n<meta property=\"og:site_name\" content=\"Martinshof\" \/>\n<meta property=\"article:modified_time\" content=\"2020-11-11T08:40:03+00:00\" \/>\n<meta name=\"twitter:card\" content=\"summary_large_image\" \/>\n<meta name=\"twitter:label1\" content=\"Gesch\u00e4tzte Lesezeit\" \/>\n\t<meta name=\"twitter:data1\" content=\"1\u00a0Minute\" \/>\n<script type=\"application\/ld+json\" class=\"yoast-schema-graph\">{\"@context\":\"https:\/\/schema.org\",\"@graph\":[{\"@type\":\"WebPage\",\"@id\":\"https:\/\/www.martinshof-eppan.it\/de\/bauernhof\/\",\"url\":\"https:\/\/www.martinshof-eppan.it\/de\/bauernhof\/\",\"name\":\"Urlaub am Obst und Weinbauernhof in Eppan - Martinshof\",\"isPartOf\":{\"@id\":\"https:\/\/www.martinshof-eppan.it\/de\/#website\"},\"datePublished\":\"2017-11-10T18:45:05+00:00\",\"dateModified\":\"2020-11-11T08:40:03+00:00\",\"description\":\"Verbringen Sie ihren Urlaub mit der Familie auf unseren Obst und Weinbauernhof. Wir haben drei gem\u00fctliche Ferienwohnungen.\",\"breadcrumb\":{\"@id\":\"https:\/\/www.martinshof-eppan.it\/de\/bauernhof\/#breadcrumb\"},\"inLanguage\":\"de\",\"potentialAction\":[{\"@type\":\"ReadAction\",\"target\":[\"https:\/\/www.martinshof-eppan.it\/de\/bauernhof\/\"]}]},{\"@type\":\"BreadcrumbList\",\"@id\":\"https:\/\/www.martinshof-eppan.it\/de\/bauernhof\/#breadcrumb\",\"itemListElement\":[{\"@type\":\"ListItem\",\"position\":1,\"name\":\"Startseite\",\"item\":\"https:\/\/www.martinshof-eppan.it\/de\/\"},{\"@type\":\"ListItem\",\"position\":2,\"name\":\"Bauernhof\"}]},{\"@type\":\"WebSite\",\"@id\":\"https:\/\/www.martinshof-eppan.it\/de\/#website\",\"url\":\"https:\/\/www.martinshof-eppan.it\/de\/\",\"name\":\"Martinshof\",\"description\":\"\",\"publisher\":{\"@id\":\"https:\/\/www.martinshof-eppan.it\/de\/#organization\"},\"potentialAction\":[{\"@type\":\"SearchAction\",\"target\":{\"@type\":\"EntryPoint\",\"urlTemplate\":\"https:\/\/www.martinshof-eppan.it\/de\/?s={search_term_string}\"},\"query-input\":{\"@type\":\"PropertyValueSpecification\",\"valueRequired\":true,\"valueName\":\"search_term_string\"}}],\"inLanguage\":\"de\"},{\"@type\":\"Organization\",\"@id\":\"https:\/\/www.martinshof-eppan.it\/de\/#organization\",\"name\":\"Ferienwohnungen Martinshof\",\"url\":\"https:\/\/www.martinshof-eppan.it\/de\/\",\"logo\":{\"@type\":\"ImageObject\",\"inLanguage\":\"de\",\"@id\":\"https:\/\/www.martinshof-eppan.it\/de\/#\/schema\/logo\/image\/\",\"url\":\"https:\/\/www.martinshof-eppan.it\/wp-content\/uploads\/2017\/11\/logo.png\",\"contentUrl\":\"https:\/\/www.martinshof-eppan.it\/wp-content\/uploads\/2017\/11\/logo.png\",\"width\":215,\"height\":139,\"caption\":\"Ferienwohnungen Martinshof\"},\"image\":{\"@id\":\"https:\/\/www.martinshof-eppan.it\/de\/#\/schema\/logo\/image\/\"}}]}<\/script>\n<!-- \/ Yoast SEO plugin. -->","yoast_head_json":{"title":"Urlaub am Obst und Weinbauernhof in Eppan - Martinshof","description":"Verbringen Sie ihren Urlaub mit der Familie auf unseren Obst und Weinbauernhof. Wir haben drei gem\u00fctliche Ferienwohnungen.","robots":{"index":"index","follow":"follow","max-snippet":"max-snippet:-1","max-image-preview":"max-image-preview:large","max-video-preview":"max-video-preview:-1"},"canonical":"https:\/\/www.martinshof-eppan.it\/de\/bauernhof\/","og_locale":"de_DE","og_type":"article","og_title":"Urlaub am Obst und Weinbauernhof in Eppan - Martinshof","og_description":"Verbringen Sie ihren Urlaub mit der Familie auf unseren Obst und Weinbauernhof. Wir haben drei gem\u00fctliche Ferienwohnungen.","og_url":"https:\/\/www.martinshof-eppan.it\/de\/bauernhof\/","og_site_name":"Martinshof","article_modified_time":"2020-11-11T08:40:03+00:00","twitter_card":"summary_large_image","twitter_misc":{"Gesch\u00e4tzte Lesezeit":"1\u00a0Minute"},"schema":{"@context":"https:\/\/schema.org","@graph":[{"@type":"WebPage","@id":"https:\/\/www.martinshof-eppan.it\/de\/bauernhof\/","url":"https:\/\/www.martinshof-eppan.it\/de\/bauernhof\/","name":"Urlaub am Obst und Weinbauernhof in Eppan - Martinshof","isPartOf":{"@id":"https:\/\/www.martinshof-eppan.it\/de\/#website"},"datePublished":"2017-11-10T18:45:05+00:00","dateModified":"2020-11-11T08:40:03+00:00","description":"Verbringen Sie ihren Urlaub mit der Familie auf unseren Obst und Weinbauernhof. Wir haben drei gem\u00fctliche Ferienwohnungen.","breadcrumb":{"@id":"https:\/\/www.martinshof-eppan.it\/de\/bauernhof\/#breadcrumb"},"inLanguage":"de","potentialAction":[{"@type":"ReadAction","target":["https:\/\/www.martinshof-eppan.it\/de\/bauernhof\/"]}]},{"@type":"BreadcrumbList","@id":"https:\/\/www.martinshof-eppan.it\/de\/bauernhof\/#breadcrumb","itemListElement":[{"@type":"ListItem","position":1,"name":"Startseite","item":"https:\/\/www.martinshof-eppan.it\/de\/"},{"@type":"ListItem","position":2,"name":"Bauernhof"}]},{"@type":"WebSite","@id":"https:\/\/www.martinshof-eppan.it\/de\/#website","url":"https:\/\/www.martinshof-eppan.it\/de\/","name":"Martinshof","description":"","publisher":{"@id":"https:\/\/www.martinshof-eppan.it\/de\/#organization"},"potentialAction":[{"@type":"SearchAction","target":{"@type":"EntryPoint","urlTemplate":"https:\/\/www.martinshof-eppan.it\/de\/?s={search_term_string}"},"query-input":{"@type":"PropertyValueSpecification","valueRequired":true,"valueName":"search_term_string"}}],"inLanguage":"de"},{"@type":"Organization","@id":"https:\/\/www.martinshof-eppan.it\/de\/#organization","name":"Ferienwohnungen Martinshof","url":"https:\/\/www.martinshof-eppan.it\/de\/","logo":{"@type":"ImageObject","inLanguage":"de","@id":"https:\/\/www.martinshof-eppan.it\/de\/#\/schema\/logo\/image\/","url":"https:\/\/www.martinshof-eppan.it\/wp-content\/uploads\/2017\/11\/logo.png","contentUrl":"https:\/\/www.martinshof-eppan.it\/wp-content\/uploads\/2017\/11\/logo.png","width":215,"height":139,"caption":"Ferienwohnungen Martinshof"},"image":{"@id":"https:\/\/www.martinshof-eppan.it\/de\/#\/schema\/logo\/image\/"}}]}},"_links":{"self":[{"href":"https:\/\/www.martinshof-eppan.it\/de\/wp-json\/wp\/v2\/pages\/6140","targetHints":{"allow":["GET"]}}],"collection":[{"href":"https:\/\/www.martinshof-eppan.it\/de\/wp-json\/wp\/v2\/pages"}],"about":[{"href":"https:\/\/www.martinshof-eppan.it\/de\/wp-json\/wp\/v2\/types\/page"}],"author":[{"embeddable":true,"href":"https:\/\/www.martinshof-eppan.it\/de\/wp-json\/wp\/v2\/users\/1"}],"replies":[{"embeddable":true,"href":"https:\/\/www.martinshof-eppan.it\/de\/wp-json\/wp\/v2\/comments?post=6140"}],"version-history":[{"count":9,"href":"https:\/\/www.martinshof-eppan.it\/de\/wp-json\/wp\/v2\/pages\/6140\/revisions"}],"predecessor-version":[{"id":6819,"href":"https:\/\/www.martinshof-eppan.it\/de\/wp-json\/wp\/v2\/pages\/6140\/revisions\/6819"}],"wp:attachment":[{"href":"https:\/\/www.martinshof-eppan.it\/de\/wp-json\/wp\/v2\/media?parent=6140"}],"curies":[{"name":"wp","href":"https:\/\/api.w.org\/{rel}","templated":true}]}}